{"id":98,"date":"2010-08-29T21:21:59","date_gmt":"2010-08-29T18:21:59","guid":{"rendered":"http:\/\/www.ristinkilta.fi\/wp\/?page_id=98"},"modified":"2026-02-17T18:11:53","modified_gmt":"2026-02-17T16:11:53","slug":"postilistat","status":"publish","type":"page","link":"https:\/\/www.ristinkilta.fi\/en\/yhteystiedot\/postilistat","title":{"rendered":"Email lists"},"content":{"rendered":"<h2>Liittyminen ja poistuminen<\/h2>\n<p>Listoille liittymisi\u00e4 ja niilt\u00e4 poistumisia hoitaa tiedottaja, jolle voit l\u00e4hett\u00e4\u00e4 s\u00e4hk\u00f6postia (ks.\u00a0<a href=\"https:\/\/www.ristinkilta.fi\/en\/yhteystiedot\/\">yhteystiedot<\/a> tai <a href=\"\/en\/johtokunta\/\">johtokunta<\/a>).<\/p>\n<p>Listojen osoitteet ovat muotoa listannimi@ristinkilta.fi eli jos listan nimi on &#8221;pulina&#8221;, on listan osoite pulina@ristinkilta.fi .<\/p>\n<h2><a id=\"tiedotus\"><\/a>tiedotus<\/h2>\n<p>Kaikille ristinkiltalaisille ja muille killan toiminnasta kiinnostuneille tarkoitettu s\u00e4hk\u00f6postilista. T\u00e4nne l\u00e4hetet\u00e4\u00e4n tiedotuksia killan tulevista tapahtumista ja muita virallisia tiedotuksia. Viesteihin liittyv\u00e4t kommentit ja kysymykset tulisi osoittaa tilanteesta riippuen <span style=\"color: #000000;\"><b>viestin l\u00e4hett\u00e4j\u00e4lle<\/b> (HUOM: ei vastauksena s\u00e4hk\u00f6postiin)<\/span>\u00a0tai <strong>johtokunta<\/strong>-listalle. Listalla on noin 260 osoitetta. Lista on moderoitu, mik\u00e4 tarkoittaa, ett\u00e4 tiedottaja p\u00e4\u00e4tt\u00e4\u00e4, mitk\u00e4 viestit p\u00e4\u00e4stet\u00e4\u00e4n listalle.<\/p>\n<h2><a id=\"seniorit\"><\/a>seniorit<\/h2>\n<p>Seniorilista on vanhempien kiltalaisten lista. Lista on tarkoitettu senioreille l\u00e4hetett\u00e4viin tiedotuksiin. Listalle pyrit\u00e4\u00e4n l\u00e4hett\u00e4m\u00e4\u00e4n hyvin v\u00e4h\u00e4n s\u00e4hk\u00f6postia, siis vain ne asiat joiden arvellaan kiinnostavan merkitt\u00e4v\u00e4\u00e4 osaa killan senioreista. T\u00e4llaisia asioita ovat esimerkiksi senioripyh\u00e4- ja vuosijuhlakutsut sek\u00e4 vuosikertomukset.<\/p>\n<h2><a id=\"johtokunta\"><\/a>johtokunta<\/h2>\n<p>Palautetta (my\u00f6s positiivista) ja kysymyksi\u00e4 saa l\u00e4hett\u00e4\u00e4.<\/p>\n<h2><a id=\"cs\"><\/a>cs<\/h2>\n<p>T\u00e4nne voi l\u00e4hett\u00e4\u00e4 Crossariin tulevia juttuja, kommentteja lehdest\u00e4 yms.<\/p>\n<h2><a id=\"lahetys\"><\/a>lahetys<\/h2>\n<p>L\u00e4hetysjaosto vastaa killan tekem\u00e4st\u00e4 l\u00e4hetysty\u00f6st\u00e4, joten siit\u00e4 kiinnostuneiden kannattaa kirjoittaa t\u00e4lle listalle.<\/p>\n<h2><a id=\"ohjelma\"><\/a>ohjelmavastaava<\/h2>\n<p>T\u00e4nne voi l\u00e4hett\u00e4\u00e4 kaikkea ohjelmajaoston toimintaan liittyv\u00e4\u00e4, kuten ehdotuksia tai palautetta.<\/p>\n<h2><a id=\"rukous\"><\/a>rukous<\/h2>\n<p>Lista, jolle voi l\u00e4hett\u00e4\u00e4 rukousaiheita, joiden puolesta listalla olevat rukoilevat.<\/p>\n<h2><\/h2>","protected":false},"excerpt":{"rendered":"<p>Liittyminen ja poistuminen Listoille liittymisi\u00e4 ja niilt\u00e4 poistumisia hoitaa tiedottaja, jolle voit l\u00e4hett\u00e4\u00e4 s\u00e4hk\u00f6postia (ks.\u00a0yhteystiedot tai johtokunta). Listojen osoitteet ovat muotoa listannimi@ristinkilta.fi eli jos listan nimi on &#8221;pulina&#8221;, on listan osoite pulina@ristinkilta.fi . tiedotus Kaikille ristinkiltalaisille ja muille killan toiminnasta &hellip; <a href=\"https:\/\/www.ristinkilta.fi\/en\/yhteystiedot\/postilistat\">Continue reading <span class=\"meta-nav\">&rarr;<\/span><\/a><\/p>","protected":false},"author":2,"featured_media":0,"parent":18,"menu_order":0,"comment_status":"closed","ping_status":"closed","template":"","meta":{"_links_to":"","_links_to_target":""},"_links":{"self":[{"href":"https:\/\/www.ristinkilta.fi\/en\/wp-json\/wp\/v2\/pages\/98"}],"collection":[{"href":"https:\/\/www.ristinkilta.fi\/en\/wp-json\/wp\/v2\/pages"}],"about":[{"href":"https:\/\/www.ristinkilta.fi\/en\/wp-json\/wp\/v2\/types\/page"}],"author":[{"embeddable":true,"href":"https:\/\/www.ristinkilta.fi\/en\/wp-json\/wp\/v2\/users\/2"}],"replies":[{"embeddable":true,"href":"https:\/\/www.ristinkilta.fi\/en\/wp-json\/wp\/v2\/comments?post=98"}],"version-history":[{"count":26,"href":"https:\/\/www.ristinkilta.fi\/en\/wp-json\/wp\/v2\/pages\/98\/revisions"}],"predecessor-version":[{"id":6210,"href":"https:\/\/www.ristinkilta.fi\/en\/wp-json\/wp\/v2\/pages\/98\/revisions\/6210"}],"up":[{"embeddable":true,"href":"https:\/\/www.ristinkilta.fi\/en\/wp-json\/wp\/v2\/pages\/18"}],"wp:attachment":[{"href":"https:\/\/www.ristinkilta.fi\/en\/wp-json\/wp\/v2\/media?parent=98"}],"curies":[{"name":"wp","href":"https:\/\/api.w.org\/{rel}","templated":true}]}}