{"id":85,"date":"2025-01-01T00:00:00","date_gmt":"2024-12-31T22:00:00","guid":{"rendered":"http:\/\/www.ristinkilta.fi\/wp\/?page_id=85"},"modified":"2026-01-04T16:12:39","modified_gmt":"2026-01-04T14:12:39","slug":"jaseneksi","status":"publish","type":"page","link":"https:\/\/www.ristinkilta.fi\/en\/yhdistys\/jaseneksi","title":{"rendered":"Join the Guild"},"content":{"rendered":"<p><a href=\"https:\/\/www.ristinkilta.fi\/en\/yhdistys\/jaseneksi\/20090408_19005301_canon40d_canon50f1_8mkii\/\" rel=\"attachment wp-att-192\"><img decoding=\"async\" loading=\"lazy\" width=\"400\" height=\"266\" class=\"alignright size-medium wp-image-192\" title=\"J\u00e4seneksi?\" src=\"http:\/\/www.ristinkilta.fi\/wp-content\/uploads\/20090408_19005301_Canon40D_Canon50f1_8MkII-400x266.jpg\" alt=\"\" srcset=\"https:\/\/www.ristinkilta.fi\/wp-content\/uploads\/20090408_19005301_Canon40D_Canon50f1_8MkII-400x266.jpg 400w, https:\/\/www.ristinkilta.fi\/wp-content\/uploads\/20090408_19005301_Canon40D_Canon50f1_8MkII-150x99.jpg 150w, https:\/\/www.ristinkilta.fi\/wp-content\/uploads\/20090408_19005301_Canon40D_Canon50f1_8MkII-800x532.jpg 800w, https:\/\/www.ristinkilta.fi\/wp-content\/uploads\/20090408_19005301_Canon40D_Canon50f1_8MkII.jpg 1024w\" sizes=\"(max-width: 400px) 100vw, 400px\" \/><\/a>By joining the guild, you will gain a voting right in the official meetings of the guild. At the same time, you support the guild finantially.<\/p>\n<p>To join the guild, you can leave an application to the guild's board. The board will see to the application during its next meeting, and will decide about the membership. If you would like to become a member, please contact the treasurer via <em>rahastonhoitaja (at) ristinkilta.fi<\/em>.<\/p>\n<p>In your application, please tell your full name, your place of recidence, and whether you are a member of AYY.<\/p>\n<p>J\u00e4senmaksu vuodelle 2026 on 10 euroa.<\/p>\n<p>To gain membership, one must be an Aalto student, a student residing in Otaniemi, or a spouse of the aforementioned people. Others can apply for affiliate membership. An affiliate member has the same rights as a normal member, exlcuding the voting right in the guild meetings.<\/p>\n<p>The privacy policy of the member information can be found\u00a0<a href=\"http:\/\/www.ristinkilta.fi\/wp-content\/uploads\/j\u00e4senrekisteriseloste.pdf\">here<\/a>.<\/p>\n<p><em>Images: Jari-Pekka Juhala<\/em><\/p>","protected":false},"excerpt":{"rendered":"<p>J\u00e4seneksi liittym\u00e4ll\u00e4 saat \u00e4\u00e4nioikeuden killan virallisissa kokouksissa. Samalla tuet killan toimintaa. Killan j\u00e4seneksi liittyminen tapahtuu j\u00e4tt\u00e4m\u00e4ll\u00e4 j\u00e4senhakemus johtokunnalle. Johtokunta k\u00e4sittelee hakemuksen kokouksessaan ja p\u00e4\u00e4tt\u00e4\u00e4 j\u00e4seneksi hyv\u00e4ksymisest\u00e4. Jos haluat liitty\u00e4 killan j\u00e4seneksi, ota yhteytt\u00e4 rahastonhoitajaan rahastonhoitaja (at) ristinkilta.fi. Kerrothan hakemuksessasi koko &hellip; <a href=\"https:\/\/www.ristinkilta.fi\/en\/yhdistys\/jaseneksi\">Continue reading <span class=\"meta-nav\">&rarr;<\/span><\/a><\/p>","protected":false},"author":2,"featured_media":0,"parent":13,"menu_order":0,"comment_status":"closed","ping_status":"closed","template":"","meta":{"_links_to":"","_links_to_target":""},"_links":{"self":[{"href":"https:\/\/www.ristinkilta.fi\/en\/wp-json\/wp\/v2\/pages\/85"}],"collection":[{"href":"https:\/\/www.ristinkilta.fi\/en\/wp-json\/wp\/v2\/pages"}],"about":[{"href":"https:\/\/www.ristinkilta.fi\/en\/wp-json\/wp\/v2\/types\/page"}],"author":[{"embeddable":true,"href":"https:\/\/www.ristinkilta.fi\/en\/wp-json\/wp\/v2\/users\/2"}],"replies":[{"embeddable":true,"href":"https:\/\/www.ristinkilta.fi\/en\/wp-json\/wp\/v2\/comments?post=85"}],"version-history":[{"count":50,"href":"https:\/\/www.ristinkilta.fi\/en\/wp-json\/wp\/v2\/pages\/85\/revisions"}],"predecessor-version":[{"id":6134,"href":"https:\/\/www.ristinkilta.fi\/en\/wp-json\/wp\/v2\/pages\/85\/revisions\/6134"}],"up":[{"embeddable":true,"href":"https:\/\/www.ristinkilta.fi\/en\/wp-json\/wp\/v2\/pages\/13"}],"wp:attachment":[{"href":"https:\/\/www.ristinkilta.fi\/en\/wp-json\/wp\/v2\/media?parent=85"}],"curies":[{"name":"wp","href":"https:\/\/api.w.org\/{rel}","templated":true}]}}