{"id":82,"date":"2025-01-01T00:00:00","date_gmt":"2024-12-31T22:00:00","guid":{"rendered":"http:\/\/www.ristinkilta.fi\/wp\/?page_id=82"},"modified":"2026-01-04T16:11:46","modified_gmt":"2026-01-04T14:11:46","slug":"johtokunta","status":"publish","type":"page","link":"https:\/\/www.ristinkilta.fi\/en\/yhdistys\/johtokunta","title":{"rendered":"Board"},"content":{"rendered":"<p>Vuoden 2026 johtokunta:<\/p>\n<p><strong>Chairman<\/strong><br \/>\nAku Rokala, <em>puheenjohtaja (at) ristinkilta.fi<\/em><\/p>\n<p><strong>Vice chairman<\/strong><br \/>\nJohannes Kiuru, <em>varapuheenjohtaja (at) ristinkilta.fi<\/em><\/p>\n<p><strong>Treasurer<\/strong><br \/>\nLassi L\u00e4hteenm\u00e4ki, <em>rahastonhoitaja (at) ristinkilta.fi<\/em><\/p>\n<p><strong>Secretary<\/strong><br \/>\nAino Pursiainen, <em>sihteeri (at) ristinkilta.fi<\/em><\/p>\n<p><strong>Member, spokesperson<\/strong><br \/>\nNiilo Mikkola, <em>tiedottaja (at) ristinkilta.fi<\/em><\/p>\n<p><strong>Member\/Programme manager<\/strong><br \/>\nRuut Miettinen, <em>ohjelmavastaava (at) ristinkilta.fi<\/em><\/p>\n<p><strong>J\u00e4sen<\/strong><br \/>\nMatias J\u00e4rvel\u00e4<\/p>\n<p>In addition to the emails listed above, you may also contact the whole board via <em>johtokunta (at) ristinkilta.fi<\/em><\/p>","protected":false},"excerpt":{"rendered":"<p>Vuoden 2026 johtokunta: Puheenjohtaja Aku Rokala, puheenjohtaja (at) ristinkilta.fi Varapuheenjohtaja Johannes Kiuru, varapuheenjohtaja (at) ristinkilta.fi Rahastonhoitaja Lassi L\u00e4hteenm\u00e4ki, rahastonhoitaja (at) ristinkilta.fi Sihteeri Aino Pursiainen, sihteeri (at) ristinkilta.fi J\u00e4sen\/Tiedottaja Niilo Mikkola, tiedottaja (at) ristinkilta.fi J\u00e4sen\/Ohjelmavastaava Ruut Miettinen, ohjelmavastaava (at) ristinkilta.fi J\u00e4sen &hellip; <a href=\"https:\/\/www.ristinkilta.fi\/en\/yhdistys\/johtokunta\">Continue reading <span class=\"meta-nav\">&rarr;<\/span><\/a><\/p>","protected":false},"author":2,"featured_media":0,"parent":13,"menu_order":0,"comment_status":"closed","ping_status":"closed","template":"","meta":{"_links_to":"","_links_to_target":""},"_links":{"self":[{"href":"https:\/\/www.ristinkilta.fi\/en\/wp-json\/wp\/v2\/pages\/82"}],"collection":[{"href":"https:\/\/www.ristinkilta.fi\/en\/wp-json\/wp\/v2\/pages"}],"about":[{"href":"https:\/\/www.ristinkilta.fi\/en\/wp-json\/wp\/v2\/types\/page"}],"author":[{"embeddable":true,"href":"https:\/\/www.ristinkilta.fi\/en\/wp-json\/wp\/v2\/users\/2"}],"replies":[{"embeddable":true,"href":"https:\/\/www.ristinkilta.fi\/en\/wp-json\/wp\/v2\/comments?post=82"}],"version-history":[{"count":41,"href":"https:\/\/www.ristinkilta.fi\/en\/wp-json\/wp\/v2\/pages\/82\/revisions"}],"predecessor-version":[{"id":6133,"href":"https:\/\/www.ristinkilta.fi\/en\/wp-json\/wp\/v2\/pages\/82\/revisions\/6133"}],"up":[{"embeddable":true,"href":"https:\/\/www.ristinkilta.fi\/en\/wp-json\/wp\/v2\/pages\/13"}],"wp:attachment":[{"href":"https:\/\/www.ristinkilta.fi\/en\/wp-json\/wp\/v2\/media?parent=82"}],"curies":[{"name":"wp","href":"https:\/\/api.w.org\/{rel}","templated":true}]}}