{"id":6,"date":"2010-08-24T17:39:21","date_gmt":"2010-08-24T14:39:21","guid":{"rendered":"http:\/\/www.ristinkilta.fi\/wp\/?page_id=6"},"modified":"2025-08-27T14:20:50","modified_gmt":"2025-08-27T12:20:50","slug":"etusivu","status":"publish","type":"page","link":"https:\/\/www.ristinkilta.fi\/en\/","title":{"rendered":"Front Page"},"content":{"rendered":"<p>The Guild of the Cross (in Finnish, Ristin kilta) is an interdenominational Christian student association. We are united by our belief in Jesus Christ \u2013 our Saviour.<\/p>\n\n\n\n<blockquote class=\"wp-block-quote\">\n<p>From him the whole body, joined and held together by every supporting ligament, grows and builds itself up in love, as each part does its work.<\/p>\n\n\n\n<p><span style=\"color: #00aeef;\">Eph. 4:16 (NIV)<\/span><\/p>\n<\/blockquote>\n\n\n\n<p>The regular events of the guild are the guild evenings every Wednesday at 18:30. Because of the bad air condition at the Otaniemi chapel, <strong>the chapel evenings are currently being held in other facilities around Otaniemi<\/strong>. Please verify the locations from the event calendar. You may also ask the spokesperson (tiedottaja@ristinkilta.fi) to add you to the mailing list, through which more detailed information about the events will be sent weekly.<\/p>\n\n\n\n<p>The event calendar can be found <a href=\"https:\/\/www.ristinkilta.fi\/en\/tapahtumakalenteri\/\">here<\/a><\/p>\n\n\n\n<hr class=\"wp-block-separator has-css-opacity\"\/>\n\n\n\n<h3><span style=\"color: #800000;\">Future events:<\/span><\/h3>\n\n\n<ul id='upcoming-events-652351e8dd88fdbf9e430874dc805b03' class='upcoming-events'>\n<li class=\"today mc_general mc-mc_upcoming_1128 upcoming-event mc_general future-event mc_primary_general mc_rel_general\">Sara Gum\u00e9r: TBA 13.05.2026<\/li>\n\n<li class=\"future-event mc_general mc-mc_upcoming_1119 upcoming-event mc_general future-event mc_primary_general multidate mc_rel_general\">Kev\u00e4tleiri 15.05.2026<\/li>\n\n<li class=\"future-event mc_general mc-mc_upcoming_1129 upcoming-event mc_general future-event mc_primary_general mc_rel_general\">Kiltailta: TBA 20.05.2026<\/li>\n\n<li class=\"future-event mc_general mc-mc_upcoming_1121 upcoming-event mc_general future-event mc_primary_general mc_rel_general\">Raamattuvisa 27.05.2026<\/li>\n\n<li class=\"future-event mc_general mc-mc_upcoming_1123 upcoming-event mc_general future-event mc_primary_general mc_rel_general\">Peli-ilta 03.06.2026<\/li>\n<\/ul>","protected":false},"excerpt":{"rendered":"<p>Ristin kilta ry on yhteiskristillinen opiskelijayhdistys. Meit\u00e4 kiltalaisia yhdist\u00e4\u00e4 usko Jeesukseen Kristukseen \u2013 Vapahtajaamme. H\u00e4n liitt\u00e4\u00e4 yhteen koko ruumiin ja pit\u00e4\u00e4 sit\u00e4 koossa kaikkien j\u00e4nteiden avulla, kunkin j\u00e4senen toimiessa oman teht\u00e4v\u00e4ns\u00e4 mukaan, ja n\u00e4in ruumis kasvaa ja rakentuu rakkaudessa. Ef. &hellip; <a href=\"https:\/\/www.ristinkilta.fi\/en\/\">Continue reading <span class=\"meta-nav\">&rarr;<\/span><\/a><\/p>","protected":false},"author":1,"featured_media":0,"parent":0,"menu_order":0,"comment_status":"closed","ping_status":"open","template":"","meta":{"_links_to":"","_links_to_target":""},"_links":{"self":[{"href":"https:\/\/www.ristinkilta.fi\/en\/wp-json\/wp\/v2\/pages\/6"}],"collection":[{"href":"https:\/\/www.ristinkilta.fi\/en\/wp-json\/wp\/v2\/pages"}],"about":[{"href":"https:\/\/www.ristinkilta.fi\/en\/wp-json\/wp\/v2\/types\/page"}],"author":[{"embeddable":true,"href":"https:\/\/www.ristinkilta.fi\/en\/wp-json\/wp\/v2\/users\/1"}],"replies":[{"embeddable":true,"href":"https:\/\/www.ristinkilta.fi\/en\/wp-json\/wp\/v2\/comments?post=6"}],"version-history":[{"count":187,"href":"https:\/\/www.ristinkilta.fi\/en\/wp-json\/wp\/v2\/pages\/6\/revisions"}],"predecessor-version":[{"id":6056,"href":"https:\/\/www.ristinkilta.fi\/en\/wp-json\/wp\/v2\/pages\/6\/revisions\/6056"}],"wp:attachment":[{"href":"https:\/\/www.ristinkilta.fi\/en\/wp-json\/wp\/v2\/media?parent=6"}],"curies":[{"name":"wp","href":"https:\/\/api.w.org\/{rel}","templated":true}]}}