{"id":4863,"date":"2022-08-25T09:57:32","date_gmt":"2022-08-25T07:57:32","guid":{"rendered":"https:\/\/www.ristinkilta.fi\/?page_id=4863"},"modified":"2023-04-20T18:59:22","modified_gmt":"2023-04-20T16:59:22","slug":"alpha","status":"publish","type":"page","link":"https:\/\/www.ristinkilta.fi\/en\/alpha","title":{"rendered":"Alpha Course 2023"},"content":{"rendered":"<p><strong>In Finnish below.<\/strong><\/p>\n\n\n\n<p>Alpha is an 11-week course that explores the meaning of life and the basics of the Christian faith. Everyone is welcome and so is any question. Each Alpha session includes food, a short talk, and a discussion at the end where you can share your thoughts. Alpha is free and no commitment is required. <\/p>\n\n\n\n<p>The meetings are held on Tuesdays at 7-9pm, starting on March 28th. The first meeting will be at Kandidaattikeskus in room U107, the location for the rest of the course will be announced soon.<\/p>\n\n\n\n<p>For further information visit <a href=\"https:\/\/alfasuomi.fi\/kokeile\/\" target=\"_blank\" rel=\"noreferrer noopener\">https:\/\/alfasuomi.fi\/kokeile\/<\/a> or send email to <em>lahetysvastaava (at) ristinkilta.fi<\/em>.<br><br><strong>Suomeksi:<\/strong><\/p>\n\n\n\n<p>Alfa on 11 viikkoa kest\u00e4v\u00e4 kurssi, jossa pohditaan yhdess\u00e4 el\u00e4m\u00e4n suuria kysymyksi\u00e4 ja tutustaan niihin kristinuskon n\u00e4k\u00f6kulmasta. Alfassa keskustellaan rennosti, ja kaikki mielipiteet laidasta laitaan ovat tervetulleita. Tapaamisiin kuuluu ateria, alustus ja avoin keskustelu. Kurssi on ilmainen eik\u00e4 vaadi sitoutumista. <\/p>\n\n\n\n<p>Ristin kilta j\u00e4rjest\u00e4\u00e4 kev\u00e4\u00e4ll\u00e4 2023 Alfa-kurssin 28. maaliskuuta alkaen tiistaisin klo 19-21. Ensimm\u00e4inen kerta 28.3. on kandikeskuksessa huoneessa U107, my\u00f6hempien kertojen paikka ilmoitetaan pian.<\/p>\n\n\n\n<p>Lis\u00e4tietoja l\u00f6ytyy sivustolta <a href=\"https:\/\/alfasuomi.fi\/kokeile\/\" target=\"_blank\" rel=\"noreferrer noopener\">https:\/\/alfasuomi.fi\/kokeile\/<\/a> tai l\u00e4hett\u00e4m\u00e4ll\u00e4 viesti <em>lahetysvastaava (at) ristinkilta.fi<\/em>.<\/p>\n\n\n\n<p><\/p>\n\n\n\n<figure class=\"wp-block-image size-medium\"><img decoding=\"async\" loading=\"lazy\" width=\"400\" height=\"361\" src=\"https:\/\/www.ristinkilta.fi\/wp-content\/uploads\/Alpha-Logo_Red-1-400x361.png\" alt=\"\" class=\"wp-image-5167\" srcset=\"https:\/\/www.ristinkilta.fi\/wp-content\/uploads\/Alpha-Logo_Red-1-400x361.png 400w, https:\/\/www.ristinkilta.fi\/wp-content\/uploads\/Alpha-Logo_Red-1-800x722.png 800w, https:\/\/www.ristinkilta.fi\/wp-content\/uploads\/Alpha-Logo_Red-1-150x135.png 150w, https:\/\/www.ristinkilta.fi\/wp-content\/uploads\/Alpha-Logo_Red-1-768x693.png 768w, https:\/\/www.ristinkilta.fi\/wp-content\/uploads\/Alpha-Logo_Red-1-1536x1387.png 1536w, https:\/\/www.ristinkilta.fi\/wp-content\/uploads\/Alpha-Logo_Red-1-2048x1849.png 2048w\" sizes=\"(max-width: 400px) 100vw, 400px\" \/><\/figure>\n\n\n\n<p><br><br><\/p>\n\n\n\n<p><br><\/p>","protected":false},"excerpt":{"rendered":"<p>In Finnish below. Alpha is an 11-week course that explores the meaning of life and the basics of the Christian faith. Everyone is welcome and so is any question. Each Alpha session includes food, a short talk, and a discussion &hellip; <a href=\"https:\/\/www.ristinkilta.fi\/en\/alpha\">Continue reading <span class=\"meta-nav\">&rarr;<\/span><\/a><\/p>","protected":false},"author":18,"featured_media":0,"parent":0,"menu_order":0,"comment_status":"closed","ping_status":"closed","template":"","meta":{"_links_to":"","_links_to_target":""},"_links":{"self":[{"href":"https:\/\/www.ristinkilta.fi\/en\/wp-json\/wp\/v2\/pages\/4863"}],"collection":[{"href":"https:\/\/www.ristinkilta.fi\/en\/wp-json\/wp\/v2\/pages"}],"about":[{"href":"https:\/\/www.ristinkilta.fi\/en\/wp-json\/wp\/v2\/types\/page"}],"author":[{"embeddable":true,"href":"https:\/\/www.ristinkilta.fi\/en\/wp-json\/wp\/v2\/users\/18"}],"replies":[{"embeddable":true,"href":"https:\/\/www.ristinkilta.fi\/en\/wp-json\/wp\/v2\/comments?post=4863"}],"version-history":[{"count":23,"href":"https:\/\/www.ristinkilta.fi\/en\/wp-json\/wp\/v2\/pages\/4863\/revisions"}],"predecessor-version":[{"id":5265,"href":"https:\/\/www.ristinkilta.fi\/en\/wp-json\/wp\/v2\/pages\/4863\/revisions\/5265"}],"wp:attachment":[{"href":"https:\/\/www.ristinkilta.fi\/en\/wp-json\/wp\/v2\/media?parent=4863"}],"curies":[{"name":"wp","href":"https:\/\/api.w.org\/{rel}","templated":true}]}}