{"id":2457,"date":"2016-10-26T15:38:49","date_gmt":"2016-10-26T13:38:49","guid":{"rendered":"http:\/\/www.ristinkilta.fi\/?page_id=2457"},"modified":"2017-03-02T09:06:17","modified_gmt":"2017-03-02T07:06:17","slug":"rk70","status":"publish","type":"page","link":"https:\/\/www.ristinkilta.fi\/en\/rk70","title":{"rendered":"RK70"},"content":{"rendered":"<h1 style=\"text-align: center;\"><img decoding=\"async\" loading=\"lazy\" class=\"alignnone wp-image-272\" src=\"http:\/\/www.ristinkilta.fi\/wp-content\/uploads\/rklogo-400x400.png\" alt=\"Killan logo\" width=\"100\" height=\"100\" srcset=\"https:\/\/www.ristinkilta.fi\/wp-content\/uploads\/rklogo-400x400.png 400w, https:\/\/www.ristinkilta.fi\/wp-content\/uploads\/rklogo-150x150.png 150w, https:\/\/www.ristinkilta.fi\/wp-content\/uploads\/rklogo-798x800.png 798w, https:\/\/www.ristinkilta.fi\/wp-content\/uploads\/rklogo.png 1022w\" sizes=\"(max-width: 100px) 100vw, 100px\" \/><\/h1>\n<h1 style=\"text-align: center;\">Ristin kilta 70<\/h1>\n<h3 style=\"text-align: center;\">25.3.2017<\/h3>\n<p style=\"text-align: center;\">Tervetuloa Ristin kilta ry:n 70-vuotisjuhlaan lauantaina 25.3.2017!<\/p>\n<p style=\"text-align: justify;\">Tilaisuus alkaa juhlajumalanpalveluksella Otaniemen kappelissa klo 11:00. Varsinaista juhlaa vietet\u00e4\u00e4n Ostrobotnia-juhlatilassa Helsingiss\u00e4 klo 14:00-18:30 juhlap\u00e4iv\u00e4llisen ja ohjelman merkeiss\u00e4. Iltaa on mahdollista jatkaa Hvittorpin leirikeskuksessa Kirkkonummella.<\/p>\n<p style=\"text-align: center;\"><strong>Osallistumismaksu p\u00e4\u00e4juhlaan<\/strong><\/p>\n<p style=\"text-align: center;\">Lapsi 5-12v. 27\u20ac \/\/ Opiskelija 37\u20ac \/\/ Lapsi 13-18v, aikuinen\u00a067\u20ac \/\/ Tukimaksu 100\u20ac<\/p>\n<p style=\"text-align: justify;\">Hintaan sis\u00e4ltyy p\u00e4\u00e4juhla tarjoiluineen sek\u00e4 tarvittaessa bussikuljetus Otaniemest\u00e4 juhlapaikalle ja takaisin. Jos tukimaksuista j\u00e4\u00e4 juhlan j\u00e4rjestelykulujen j\u00e4lkeen ylim\u00e4\u00e4r\u00e4ist\u00e4, ohjataan varat killan l\u00e4hetystoimintaan.<\/p>\n<p style=\"text-align: center;\"><strong>Tumma puku<\/strong><\/p>\n<p style=\"text-align: center;\"><strong>Osallistumismaksu jatkoille<\/strong><\/p>\n<p style=\"text-align: center;\">Lapsi 0-4v 0\u20ac \/\/ Opiskelija, lapsi 5-12v 5\u20ac \/\/ Lapsi 13-18v, aikuinen 10\u20ac<\/p>\n<p style=\"text-align: justify;\">Hintaan sis\u00e4ltyy iltapala sek\u00e4 bussikuljetus juhlapaikalta Hvittorpiin ja takaisin Otaniemeen \/ Helsingin keskustaan.<\/p>\n<p style=\"text-align: center;\"><strong>K\u00e4yt\u00e4nn\u00f6n asioita<\/strong><\/p>\n<p style=\"text-align: justify;\">Ostrobotnia-juhlatilaan mahtuu enint\u00e4\u00e4n 220 henkil\u00f6\u00e4. Paikat t\u00e4ytet\u00e4\u00e4n ilmoittautumisj\u00e4rjestyksess\u00e4.<\/p>\n<p style=\"text-align: justify;\">Ostrobotnia-juhlatilassa on j\u00e4rjestetty lastenhoito erillisess\u00e4 huoneessa.<\/p>\n<p style=\"text-align: justify;\">Otaniemest\u00e4 l\u00f6ytyy maksuttomia pys\u00e4k\u00f6intipaikkoja J\u00e4mer\u00e4ntaipaleen sek\u00e4 Otakaaren varrelta. Ostrobotnian l\u00e4hist\u00f6ll\u00e4 pys\u00e4k\u00f6intipaikkoja on rajoitetusti, joten mahdollisuuksien mukaan kannattaa hy\u00f6dynt\u00e4\u00e4 Otaniemest\u00e4 juhlapaikalle j\u00e4rjestetty\u00e4 bussikuljetusta.<\/p>\n<p style=\"text-align: justify;\">Mik\u00e4li taloudellinen tilanteesi on tiukka, on osallistumismaksuun mahdollista saada tukea. Otathan t\u00e4ll\u00f6in yhteytt\u00e4 juhlan j\u00e4rjest\u00e4jiin (yhteystiedot alla).<\/p>\n<p style=\"text-align: justify;\"><strong>Juhlajumalanpalvelus<\/strong><br \/>\n11:00<br \/>\nOtaniemen kappeli<br \/>\nJ\u00e4mer\u00e4ntaival 8, 02150 Espoo<\/p>\n<p style=\"text-align: justify;\"><strong>P\u00e4\u00e4juhla<\/strong><br \/>\n14:00<br \/>\nOstrobotnia<br \/>\nMuseokatu 10, 00100 Helsinki<\/p>\n<p style=\"text-align: justify;\"><strong>Jatkot<\/strong><br \/>\n19:30<br \/>\nHvittorpin leirikeskus<br \/>\nHvittorpintie 245, 02430 Masala, Kirkkonummi<\/p>\n<p style=\"text-align: justify;\">Ilmoittautuminen 1.3.2017 menness\u00e4 ensisijaisesti alla olevalla lomakkeella. Lis\u00e4tietoja tarvittaessa Daniel Sarinilta (dan<span class=\"hmm\">ie<\/span>l.sa<span class=\"obfuscate\">chuck norris&#8217;s email is gmail@chucknorris.com<\/span>rin@gmail.com tai 040 5844556).<\/p>\n<hr \/>\n<h3 style=\"text-align: center;\"><strong>Registration<\/strong><\/h3>\n<p style=\"text-align: justify;\">Ilmoittautuminen on p\u00e4\u00e4ttynyt.<\/p>\n<hr \/>\n<p style=\"text-align: center;\"><a href=\"https:\/\/www.ristinkilta.fi\/en\/\">www.ristinkilta.fi<\/a><\/p>","protected":false},"excerpt":{"rendered":"<p>Ristin kilta 70 25.3.2017 Tervetuloa Ristin kilta ry:n 70-vuotisjuhlaan lauantaina 25.3.2017! Tilaisuus alkaa juhlajumalanpalveluksella Otaniemen kappelissa klo 11:00. Varsinaista juhlaa vietet\u00e4\u00e4n Ostrobotnia-juhlatilassa Helsingiss\u00e4 klo 14:00-18:30 juhlap\u00e4iv\u00e4llisen ja ohjelman merkeiss\u00e4. Iltaa on mahdollista jatkaa Hvittorpin leirikeskuksessa Kirkkonummella. Osallistumismaksu p\u00e4\u00e4juhlaan Lapsi 5-12v. &hellip; <a href=\"https:\/\/www.ristinkilta.fi\/en\/rk70\">Continue reading <span class=\"meta-nav\">&rarr;<\/span><\/a><\/p>","protected":false},"author":8,"featured_media":0,"parent":0,"menu_order":0,"comment_status":"closed","ping_status":"closed","template":"onecolumn-page.php","meta":{"_links_to":"","_links_to_target":""},"_links":{"self":[{"href":"https:\/\/www.ristinkilta.fi\/en\/wp-json\/wp\/v2\/pages\/2457"}],"collection":[{"href":"https:\/\/www.ristinkilta.fi\/en\/wp-json\/wp\/v2\/pages"}],"about":[{"href":"https:\/\/www.ristinkilta.fi\/en\/wp-json\/wp\/v2\/types\/page"}],"author":[{"embeddable":true,"href":"https:\/\/www.ristinkilta.fi\/en\/wp-json\/wp\/v2\/users\/8"}],"replies":[{"embeddable":true,"href":"https:\/\/www.ristinkilta.fi\/en\/wp-json\/wp\/v2\/comments?post=2457"}],"version-history":[{"count":19,"href":"https:\/\/www.ristinkilta.fi\/en\/wp-json\/wp\/v2\/pages\/2457\/revisions"}],"predecessor-version":[{"id":2936,"href":"https:\/\/www.ristinkilta.fi\/en\/wp-json\/wp\/v2\/pages\/2457\/revisions\/2936"}],"wp:attachment":[{"href":"https:\/\/www.ristinkilta.fi\/en\/wp-json\/wp\/v2\/media?parent=2457"}],"curies":[{"name":"wp","href":"https:\/\/api.w.org\/{rel}","templated":true}]}}