{"id":21,"date":"2010-08-25T19:08:27","date_gmt":"2010-08-25T16:08:27","guid":{"rendered":"http:\/\/www.ristinkilta.fi\/wp\/"},"modified":"2024-09-21T21:37:21","modified_gmt":"2024-09-21T19:37:21","slug":"cross-section","status":"publish","type":"page","link":"https:\/\/www.ristinkilta.fi\/en\/cross-section","title":{"rendered":"Cross Section"},"content":{"rendered":"<p>Cross Section is a Christian student magazine published by the Guild of the Cross. The chief editors of the 2024 as well as 2023 issues were Rebekka Huotari and Usva Uusikumpu.<\/p>\n<div>&nbsp;<\/div>\n<div>If you would like to volunteer, please contact the editors-in-chief:<\/div>\n<div>crossari (at) ristinkilta.fi.<\/div>\n<div>&nbsp;<\/div>\n<div>&nbsp;<\/div>\n<div>&nbsp;<\/div>\n<div>&nbsp;<\/div>\n\n\n<div>\n<div style=\"display:inline-block;width:160px;\">\n<a href=\"https:\/\/www.ristinkilta.fi\/wp-content\/uploads\/Crossari2024.pdf\" style=\"text-decoration:none;color:black;\">\n<img decoding=\"async\" src=\"https:\/\/www.ristinkilta.fi\/wp-content\/uploads\/image-2.png\" style=\"display:block;width:100%\">\n<p style=\"text-align:center\">The 2024 issue<\/p>\n<\/a>\n<\/div>\n<div style=\"display:inline-block;width:160px;\">\n<a href=\"https:\/\/www.ristinkilta.fi\/wp-content\/uploads\/Crossari2023corrected.pdf\" style=\"text-decoration:none;color:black;\">\n<img decoding=\"async\" src=\"https:\/\/www.ristinkilta.fi\/wp-content\/uploads\/image.png\" style=\"display:block;width:100%\">\n<p style=\"text-align:center\">The 2023 issue<\/p>\n<\/a>\n<\/div>\n<\/div>","protected":false},"excerpt":{"rendered":"<p>Cross Section on Ristin killan julkaisema kristillinen opiskelijalehti. Lehden p\u00e4\u00e4toimittajina vuonna 2024 kuten my\u00f6s vuonna 2023 olivat Rebekka Huotari ja Usva Uusikumpu. &nbsp; Jos haluat tulla mukaan vapaaehtoistoimintaan, ota yhteytt\u00e4 p\u00e4\u00e4toimittajaan: crossari (at) ristinkilta.fi. &nbsp; &nbsp; &nbsp; &nbsp; Vuoden 2024 &hellip; <a href=\"https:\/\/www.ristinkilta.fi\/en\/cross-section\">Continue reading <span class=\"meta-nav\">&rarr;<\/span><\/a><\/p>","protected":false},"author":2,"featured_media":0,"parent":0,"menu_order":0,"comment_status":"closed","ping_status":"closed","template":"","meta":{"_links_to":"","_links_to_target":""},"_links":{"self":[{"href":"https:\/\/www.ristinkilta.fi\/en\/wp-json\/wp\/v2\/pages\/21"}],"collection":[{"href":"https:\/\/www.ristinkilta.fi\/en\/wp-json\/wp\/v2\/pages"}],"about":[{"href":"https:\/\/www.ristinkilta.fi\/en\/wp-json\/wp\/v2\/types\/page"}],"author":[{"embeddable":true,"href":"https:\/\/www.ristinkilta.fi\/en\/wp-json\/wp\/v2\/users\/2"}],"replies":[{"embeddable":true,"href":"https:\/\/www.ristinkilta.fi\/en\/wp-json\/wp\/v2\/comments?post=21"}],"version-history":[{"count":33,"href":"https:\/\/www.ristinkilta.fi\/en\/wp-json\/wp\/v2\/pages\/21\/revisions"}],"predecessor-version":[{"id":5812,"href":"https:\/\/www.ristinkilta.fi\/en\/wp-json\/wp\/v2\/pages\/21\/revisions\/5812"}],"wp:attachment":[{"href":"https:\/\/www.ristinkilta.fi\/en\/wp-json\/wp\/v2\/media?parent=21"}],"curies":[{"name":"wp","href":"https:\/\/api.w.org\/{rel}","templated":true}]}}