{"id":2004,"date":"2015-01-16T20:48:53","date_gmt":"2015-01-16T18:48:53","guid":{"rendered":"http:\/\/www.ristinkilta.fi\/?page_id=2004"},"modified":"2015-01-29T20:15:25","modified_gmt":"2015-01-29T18:15:25","slug":"ilosanoma","status":"publish","type":"page","link":"https:\/\/www.ristinkilta.fi\/en\/ilosanoma","title":{"rendered":"Tule kuulemaan ilosanoma!"},"content":{"rendered":"<div>Kysymys ikuisuudesta on el\u00e4m\u00e4n t\u00e4rkein kysymys. Kysymys on kirjaimellisesti t\u00e4t\u00e4 el\u00e4m\u00e4\u00e4 suurempi. Tule kuulemaan vastauksia, jotka kest\u00e4v\u00e4t ajan ja antavat rauhan. Kaikki ovat l\u00e4mpim\u00e4sti tervetulleita! Tarjolla on my\u00f6s teet\u00e4 ja iltapalaa.<\/div>\n<div><\/div>\n<div><\/div>\n<div>Miss\u00e4: J\u00e4mer\u00e4ntaival 11AB kerhohuone<\/div>\n<div>Milloin: 29.1 klo 18 (saa tulla my\u00f6h\u00e4ss\u00e4kin)<\/div>\n<p>&nbsp;<\/p>","protected":false},"excerpt":{"rendered":"<p>Kysymys ikuisuudesta on el\u00e4m\u00e4n t\u00e4rkein kysymys. Kysymys on kirjaimellisesti t\u00e4t\u00e4 el\u00e4m\u00e4\u00e4 suurempi. Tule kuulemaan vastauksia, jotka kest\u00e4v\u00e4t ajan ja antavat rauhan. Kaikki ovat l\u00e4mpim\u00e4sti tervetulleita! Tarjolla on my\u00f6s teet\u00e4 ja iltapalaa. Miss\u00e4: J\u00e4mer\u00e4ntaival 11AB kerhohuone Milloin: 29.1 klo 18 (saa &hellip; <a href=\"https:\/\/www.ristinkilta.fi\/en\/ilosanoma\">Continue reading <span class=\"meta-nav\">&rarr;<\/span><\/a><\/p>","protected":false},"author":10,"featured_media":0,"parent":0,"menu_order":0,"comment_status":"closed","ping_status":"open","template":"","meta":{"_links_to":"","_links_to_target":""},"_links":{"self":[{"href":"https:\/\/www.ristinkilta.fi\/en\/wp-json\/wp\/v2\/pages\/2004"}],"collection":[{"href":"https:\/\/www.ristinkilta.fi\/en\/wp-json\/wp\/v2\/pages"}],"about":[{"href":"https:\/\/www.ristinkilta.fi\/en\/wp-json\/wp\/v2\/types\/page"}],"author":[{"embeddable":true,"href":"https:\/\/www.ristinkilta.fi\/en\/wp-json\/wp\/v2\/users\/10"}],"replies":[{"embeddable":true,"href":"https:\/\/www.ristinkilta.fi\/en\/wp-json\/wp\/v2\/comments?post=2004"}],"version-history":[{"count":4,"href":"https:\/\/www.ristinkilta.fi\/en\/wp-json\/wp\/v2\/pages\/2004\/revisions"}],"predecessor-version":[{"id":2078,"href":"https:\/\/www.ristinkilta.fi\/en\/wp-json\/wp\/v2\/pages\/2004\/revisions\/2078"}],"wp:attachment":[{"href":"https:\/\/www.ristinkilta.fi\/en\/wp-json\/wp\/v2\/media?parent=2004"}],"curies":[{"name":"wp","href":"https:\/\/api.w.org\/{rel}","templated":true}]}}