{"id":18,"date":"2010-08-25T19:06:13","date_gmt":"2010-08-25T16:06:13","guid":{"rendered":"http:\/\/www.ristinkilta.fi\/wp\/"},"modified":"2026-02-17T18:06:23","modified_gmt":"2026-02-17T16:06:23","slug":"yhteystiedot","status":"publish","type":"page","link":"https:\/\/www.ristinkilta.fi\/en\/yhteystiedot","title":{"rendered":"Contact"},"content":{"rendered":"<p><a href=\"https:\/\/www.ristinkilta.fi\/en\/yhteystiedot\/otakartta-suuri\/\" rel=\"attachment wp-att-258\"><img decoding=\"async\" loading=\"lazy\" class=\"alignright size-medium wp-image-258\" title=\"Kartta kappelille\" src=\"http:\/\/www.ristinkilta.fi\/wp-content\/uploads\/otakartta.suuri_-400x330.jpg\" alt=\"\" width=\"400\" height=\"330\" srcset=\"https:\/\/www.ristinkilta.fi\/wp-content\/uploads\/otakartta.suuri_-400x330.jpg 400w, https:\/\/www.ristinkilta.fi\/wp-content\/uploads\/otakartta.suuri_-150x123.jpg 150w, https:\/\/www.ristinkilta.fi\/wp-content\/uploads\/otakartta.suuri_-800x660.jpg 800w, https:\/\/www.ristinkilta.fi\/wp-content\/uploads\/otakartta.suuri_.jpg 882w\" sizes=\"(max-width: 400px) 100vw, 400px\" \/><\/a><\/p>\n<p>The Guild of the Cross<br \/>\nAYY:n toimisto<br \/>\nOtakaari 25<br \/>\n02150 ESPOO<\/p>\n<p>Bank account number (IBAN):<br \/>\nFI44 4108 0013 1507 53<br \/>\nBIC: ITELFIHH<\/p>\n<p>The mission division's bank number (IBAN):<br \/>\nFI08 4108 0013 0287 93<br \/>\nBIC: ITELFIHH<\/p>\n<h2>Email addresses:<\/h2>\n<p>The domain part is <code>ristinkilta.fi<\/code>.<\/p>\n<ul>\n<li>Puheenjohtaja: &lt;puheenjohtaja&gt;<\/li>\n<li>Tiedottaja: &lt;tiedottaja&gt;<\/li>\n<li>Rahastonhoitaja: &lt;rahastonhoitaja&gt;<\/li>\n<li>Johtokunta: &lt;johtokunta&gt;<\/li>\n<li>L\u00e4hetysjaosto: &lt;lahetys&gt;<\/li>\n<li>Ohjelmajaosto: &lt;ohjelma&gt;<\/li>\n<li>Piirijaosto: &lt;piiri&gt;<\/li>\n<li>Cross Section: &lt;cs&gt;<\/li>\n<\/ul>\n<h2>Changing your contact information<\/h2>\n<p>If your contact information has changed, we would like you to inform the new information to the treasurer (address above).<\/p>\n<h2>Email lists<\/h2>\n<p>Email lists are an important way to contact many people at once. The guild has multiple lists for different purposes. For more information, see <a href=\"https:\/\/www.ristinkilta.fi\/en\/yhteystiedot\/postilistat\/\">here<\/a>.<br \/>\n<!--- todettiin 10.2017 ettei haluta julkista tg-kanavaa.\n\n\n<h2>Telegram<\/h2>\n\n\nLiity killan Telegram-kanavalle <a href=\"https:\/\/www.telegram.me\/Ristinkilta\">t\u00e4\u00e4lt\u00e4<\/a> pysy\u00e4ksesi ajan hermolla siit\u00e4 mit\u00e4 killassa tapahtuu ep\u00e4virallisemmin kullakin ajan hetkell\u00e4 (@t=0, f(x, y, z)=Ristin kilta=?).---><\/p>\n<h2>Discussion groups<\/h2>\n<p>Ristin killalla on keskusteluryhmi\u00e4 ja -kanavia Telegram-viestint\u00e4palvelussa. Killalla on kolme yleist\u00e4 ryhm\u00e4\u00e4: RK-fuksisauna, RK-suksifauna ja RK. N\u00e4iden lis\u00e4ksi on my\u00f6s joitakin erikoistuneita ryhmi\u00e4, kuten RK-urheilu ja RK-fillarit. Jos olet kiinnostunut liittym\u00e4\u00e4n Telegram-ryhmiin tai haluaisit lis\u00e4tietoa ryhmist\u00e4 tai kanavista, otathan yhteytt\u00e4 tiedottajaan: <em>tiedottaja (at) ristinkilta.fi<\/em>.<\/p>\n<p><strong>RK-fuksisauna<\/strong><br \/>\n\u2013 A light discussion group meant for current students and active guild members. The channel is a perfect place for finding lunch company, for sharing interesting news and links and for general chatting.<\/p>\n<p><strong>RK-suksifauna<\/strong><br \/>\n\u2013 A group specifically meant for longer discussions.<\/p>\n<p><strong>RK<\/strong><br \/>\n\u2013 Anyone, new and old, are welcome to join the traditional and original channel of the guild.<\/p>\n<h2>Other medias<\/h2>\n<p>The guild of the cross has also its own <a href=\"http:\/\/www.facebook.com\/ristinkilta\" target=\"_blank\" rel=\"noopener noreferrer\">Facebook-page<\/a>\u2001and <a href=\"https:\/\/www.facebook.com\/groups\/18180339360\/\" target=\"_blank\" rel=\"noopener noreferrer\">a Facebook-group<\/a>.<\/p>\n<h2>Borrowing the guild's video projector<\/h2>\n<p>If you would like to borrow a video projector as a representative of some student organisation, the easiest way to do this is via <a href=\"https:\/\/www.ristinkilta.fi\/en\/2024\/videotykin_lainaus\/\">this form<\/a>. If you are a member of the Guild of the Cross, do not hesitate to contact some member of the board on the matter.<\/p>\n<h2>Logo<\/h2>\n<p><a href=\"http:\/\/www.ristinkilta.fi\/wp-content\/uploads\/rklogo-400x400.png\" rel=\"attachment wp-att-272\"><img decoding=\"async\" loading=\"lazy\" class=\"alignright size-medium wp-image-272\" title=\"Killan logo\" src=\"http:\/\/www.ristinkilta.fi\/wp-content\/uploads\/rklogo-400x400.png\" alt=\"\" width=\"400\" height=\"400\" srcset=\"https:\/\/www.ristinkilta.fi\/wp-content\/uploads\/rklogo-400x400.png 400w, https:\/\/www.ristinkilta.fi\/wp-content\/uploads\/rklogo-150x150.png 150w, https:\/\/www.ristinkilta.fi\/wp-content\/uploads\/rklogo-798x800.png 798w, https:\/\/www.ristinkilta.fi\/wp-content\/uploads\/rklogo.png 1022w\" sizes=\"(max-width: 400px) 100vw, 400px\" \/><\/a>You can find the guild's logo in PNG-, CorelDraw-, EPS-, and PDF-formants; more info from the spokesperson.<\/p>\n<ul>\n<li><a href=\"http:\/\/www.ristinkilta.fi\/wp-content\/uploads\/rklogo.png\">PNG<\/a><\/li>\n<li><a href=\"http:\/\/www.ristinkilta.fi\/en\/wiki\/images\/9\/9d\/Rklogo.cdr\/\">CorelDraw<\/a><\/li>\n<li><a href=\"http:\/\/www.ristinkilta.fi\/en\/wiki\/images\/4\/46\/Rklogo.eps\/\">EPS<\/a><\/li>\n<li><a href=\"http:\/\/www.ristinkilta.fi\/en\/wiki\/images\/5\/53\/Rklogo.pdf\/\">PDF<\/a><\/li>\n<\/ul>","protected":false},"excerpt":{"rendered":"<p>Ristin kilta AYY:n toimisto Otakaari 25 02150 ESPOO Tilinumero (IBAN): FI44 4108 0013 1507 53 BIC: ITELFIHH L\u00e4hetysjaoston tili (IBAN): FI08 4108 0013 0287 93 BIC: ITELFIHH S\u00e4hk\u00f6postiosoitteita Domain-osana on ristinkilta.fi. Puheenjohtaja: &lt;puheenjohtaja&gt; Tiedottaja: &lt;tiedottaja&gt; Rahastonhoitaja: &lt;rahastonhoitaja&gt; Johtokunta: &lt;johtokunta&gt; L\u00e4hetysjaosto: &hellip; <a href=\"https:\/\/www.ristinkilta.fi\/en\/yhteystiedot\">Continue reading <span class=\"meta-nav\">&rarr;<\/span><\/a><\/p>","protected":false},"author":2,"featured_media":0,"parent":0,"menu_order":0,"comment_status":"closed","ping_status":"closed","template":"","meta":{"_links_to":"","_links_to_target":""},"_links":{"self":[{"href":"https:\/\/www.ristinkilta.fi\/en\/wp-json\/wp\/v2\/pages\/18"}],"collection":[{"href":"https:\/\/www.ristinkilta.fi\/en\/wp-json\/wp\/v2\/pages"}],"about":[{"href":"https:\/\/www.ristinkilta.fi\/en\/wp-json\/wp\/v2\/types\/page"}],"author":[{"embeddable":true,"href":"https:\/\/www.ristinkilta.fi\/en\/wp-json\/wp\/v2\/users\/2"}],"replies":[{"embeddable":true,"href":"https:\/\/www.ristinkilta.fi\/en\/wp-json\/wp\/v2\/comments?post=18"}],"version-history":[{"count":74,"href":"https:\/\/www.ristinkilta.fi\/en\/wp-json\/wp\/v2\/pages\/18\/revisions"}],"predecessor-version":[{"id":6208,"href":"https:\/\/www.ristinkilta.fi\/en\/wp-json\/wp\/v2\/pages\/18\/revisions\/6208"}],"wp:attachment":[{"href":"https:\/\/www.ristinkilta.fi\/en\/wp-json\/wp\/v2\/media?parent=18"}],"curies":[{"name":"wp","href":"https:\/\/api.w.org\/{rel}","templated":true}]}}