{"id":105,"date":"2010-08-29T21:24:45","date_gmt":"2010-08-29T18:24:45","guid":{"rendered":"http:\/\/www.ristinkilta.fi\/wp\/?page_id=105"},"modified":"2026-02-17T18:10:10","modified_gmt":"2026-02-17T16:10:10","slug":"raamattupiirit","status":"publish","type":"page","link":"https:\/\/www.ristinkilta.fi\/en\/toiminta\/raamattupiirit","title":{"rendered":"Bible-study groups"},"content":{"rendered":"<p>Raamattupiirit kokoontuvat viikoittain lukemaan Raamattua, rukoilemaan yhdess\u00e4 ja keskustelemaan el\u00e4m\u00e4\u00e4n liittyvist\u00e4 kysymyksist\u00e4. Piireihin voi liitty\u00e4 kuka tahansa, killan tai mink\u00e4\u00e4n seurakunnan j\u00e4senyytt\u00e4 ei mitenk\u00e4\u00e4n kysell\u00e4 eik\u00e4 tarkistella. P\u00e4\u00e4set piireihin ottamalla yhteytt\u00e4 piirisihteeriin <em> piirisihteeri at ristinkilta.fi<\/em>. H\u00e4nelle voi my\u00f6s ilmoittaa jos tahtoo piirinvet\u00e4j\u00e4ksi taikka yhteyshenkil\u00f6ksi.<\/p>","protected":false},"excerpt":{"rendered":"<p>Raamattupiirit kokoontuvat viikoittain lukemaan Raamattua, rukoilemaan yhdess\u00e4 ja keskustelemaan el\u00e4m\u00e4\u00e4n liittyvist\u00e4 kysymyksist\u00e4. Piireihin voi liitty\u00e4 kuka tahansa, killan tai mink\u00e4\u00e4n seurakunnan j\u00e4senyytt\u00e4 ei mitenk\u00e4\u00e4n kysell\u00e4 eik\u00e4 tarkistella. P\u00e4\u00e4set piireihin ottamalla yhteytt\u00e4 piirisihteeriin piirisihteeri at ristinkilta.fi. H\u00e4nelle voi my\u00f6s ilmoittaa jos &hellip; <a href=\"https:\/\/www.ristinkilta.fi\/en\/toiminta\/raamattupiirit\">Continue reading <span class=\"meta-nav\">&rarr;<\/span><\/a><\/p>","protected":false},"author":2,"featured_media":0,"parent":102,"menu_order":0,"comment_status":"closed","ping_status":"closed","template":"","meta":{"_links_to":"","_links_to_target":""},"_links":{"self":[{"href":"https:\/\/www.ristinkilta.fi\/en\/wp-json\/wp\/v2\/pages\/105"}],"collection":[{"href":"https:\/\/www.ristinkilta.fi\/en\/wp-json\/wp\/v2\/pages"}],"about":[{"href":"https:\/\/www.ristinkilta.fi\/en\/wp-json\/wp\/v2\/types\/page"}],"author":[{"embeddable":true,"href":"https:\/\/www.ristinkilta.fi\/en\/wp-json\/wp\/v2\/users\/2"}],"replies":[{"embeddable":true,"href":"https:\/\/www.ristinkilta.fi\/en\/wp-json\/wp\/v2\/comments?post=105"}],"version-history":[{"count":21,"href":"https:\/\/www.ristinkilta.fi\/en\/wp-json\/wp\/v2\/pages\/105\/revisions"}],"predecessor-version":[{"id":6209,"href":"https:\/\/www.ristinkilta.fi\/en\/wp-json\/wp\/v2\/pages\/105\/revisions\/6209"}],"up":[{"embeddable":true,"href":"https:\/\/www.ristinkilta.fi\/en\/wp-json\/wp\/v2\/pages\/102"}],"wp:attachment":[{"href":"https:\/\/www.ristinkilta.fi\/en\/wp-json\/wp\/v2\/media?parent=105"}],"curies":[{"name":"wp","href":"https:\/\/api.w.org\/{rel}","templated":true}]}}